{"id":999,"date":"2024-04-24T14:09:00","date_gmt":"2024-04-24T12:09:00","guid":{"rendered":"https:\/\/aqua-spp.cz\/kariera\/"},"modified":"2024-06-20T20:58:32","modified_gmt":"2024-06-20T18:58:32","slug":"career","status":"publish","type":"page","link":"https:\/\/aqua-spp.cz\/en\/career\/","title":{"rendered":"Career"},"content":{"rendered":"\n<p><\/p>\n\n\n\n<h3 class=\"wp-block-heading\" id=\"lakyrnik-lakyrnice-praskove-lakovny\">Lak\u00fdrn\u00edk \/ Lak\u00fdrnice pr\u00e1\u0161kov\u00e9 lakovny<\/h3>\n\n\n\n<p><strong>N\u00e1pl\u0148 pr\u00e1ce:<\/strong><\/p>\n\n\n\n<ul class=\"wp-block-list\">\n<li>Povrchov\u00e1 \u00faprava &#8211; lakov\u00e1n\u00ed pr\u00e1\u0161kovou technologi\u00ed<\/li>\n<\/ul>\n\n\n\n<p><strong>O\u010dek\u00e1v\u00e1me od v\u00e1s:<\/strong><\/p>\n\n\n\n<ul class=\"wp-block-list\">\n<li>Mo\u017enost za\u010d\u00edt na juniorsk\u00e9 pozici bez praxe<\/li>\n\n\n\n<li>Vyu\u010den\u00ed v oboru lak\u00fdrn\u00edk nebo praxe v oboru<\/li>\n\n\n\n<li>Spolehlivost a flexibilita<\/li>\n<\/ul>\n\n\n\n<p><strong>Nab\u00edz\u00edme v\u00e1m:<\/strong><\/p>\n\n\n\n<ul class=\"wp-block-list\">\n<li>HPP + osobn\u00ed ohodnocen\u00ed<\/li>\n\n\n\n<li>Smlouva na dobu neur\u010ditou<\/li>\n\n\n\n<li>Stravenky v hodnot\u011b 137 K\u010d \/ odpracovan\u00fd den<\/li>\n\n\n\n<li>Zam\u011bstnaneck\u00e9 akce<\/li>\n<\/ul>\n\n\n\n<hr class=\"wp-block-separator has-css-opacity\"\/>\n\n\n\n<h3 class=\"wp-block-heading\" id=\"manipulant-manipulantka\">Manipulant \/ Manipulantka<\/h3>\n\n\n\n<p><strong>N\u00e1pl\u0148 pr\u00e1ce:<\/strong><\/p>\n\n\n\n<ul class=\"wp-block-list\">\n<li>Manipulace s d\u00edly ocelov\u00fdch konstrukc\u00ed &#8211; nakl\u00e1dky, vykl\u00e1dky, ulo\u017een\u00ed do polic<\/li>\n\n\n\n<li>Pr\u00e1ce s vysokozdvi\u017en\u00fdm voz\u00edkem &#8211; mo\u017enost pro\u0161kolen\u00ed ve firm\u011b<\/li>\n\n\n\n<li>Pr\u00e1ce s\u00a0port\u00e1lov\u00fdm je\u0159\u00e1bem \u2013mo\u017enost pro\u0161kolen\u00ed ve firm\u011b<\/li>\n\n\n\n<li>Vaza\u010dsk\u00e9 pr\u00e1ce<\/li>\n<\/ul>\n\n\n\n<p><strong>O\u010dek\u00e1v\u00e1me od v\u00e1s:<\/strong><\/p>\n\n\n\n<ul class=\"wp-block-list\">\n<li>Zku\u0161enost s manipulacemi<\/li>\n\n\n\n<li>Spolehlivost a flexibilita<\/li>\n<\/ul>\n\n\n\n<p><strong>Nab\u00edz\u00edme v\u00e1m:<\/strong><\/p>\n\n\n\n<ul class=\"wp-block-list\">\n<li>HPP + osobn\u00ed ohodnocen\u00ed<\/li>\n\n\n\n<li>Smlouva na dobu neur\u010ditou<\/li>\n\n\n\n<li>Stravenky v hodnot\u011b 137 K\u010d \/ odpracovan\u00fd den<\/li>\n\n\n\n<li>Zam\u011bstnaneck\u00e9 akce<\/li>\n<\/ul>\n\n\n\n<hr class=\"wp-block-separator has-css-opacity\"\/>\n\n\n\n<h3 class=\"wp-block-heading\" id=\"tryskac\">Tryska\u010d<\/h3>\n\n\n\n<p><strong>N\u00e1pl\u0148 pr\u00e1ce:<\/strong><\/p>\n\n\n\n<ul class=\"wp-block-list\">\n<li>Obsluha tryskac\u00edho za\u0159\u00edzen\u00ed v\u010detn\u011b hadic s\u00a0tryskami<\/li>\n\n\n\n<li>Manipula\u010dn\u00ed pr\u00e1ce s\u00a0tryskan\u00fdm materi\u00e1lem<\/li>\n<\/ul>\n\n\n\n<p><strong>O\u010dek\u00e1v\u00e1me od v\u00e1s:<\/strong><\/p>\n\n\n\n<ul class=\"wp-block-list\">\n<li>Mo\u017enost za\u010d\u00edt na juniorsk\u00e9 pozici bez praxe<\/li>\n\n\n\n<li>Praxe v\u00fdhodou<\/li>\n\n\n\n<li>Spolehlivost a flexibilita<\/li>\n<\/ul>\n\n\n\n<p><strong>Nab\u00edz\u00edme v\u00e1m:<\/strong><\/p>\n\n\n\n<ul class=\"wp-block-list\">\n<li>HPP + osobn\u00ed ohodnocen\u00ed<\/li>\n\n\n\n<li>Smlouva na dobu neur\u010ditou<\/li>\n\n\n\n<li>Stravenky v hodnot\u011b 137 K\u010d \/ odpracovan\u00fd den<\/li>\n\n\n\n<li>Zam\u011bstnaneck\u00e9 akce<\/li>\n<\/ul>\n","protected":false},"excerpt":{"rendered":"<p>Lak\u00fdrn\u00edk \/ Lak\u00fdrnice pr\u00e1\u0161kov\u00e9 lakovny N\u00e1pl\u0148 pr\u00e1ce: O\u010dek\u00e1v\u00e1me od v\u00e1s: Nab\u00edz\u00edme v\u00e1m: Manipulant \/ Manipulantka N\u00e1pl\u0148 pr\u00e1ce: O\u010dek\u00e1v\u00e1me od v\u00e1s: Nab\u00edz\u00edme v\u00e1m: Tryska\u010d N\u00e1pl\u0148 pr\u00e1ce: O\u010dek\u00e1v\u00e1me od v\u00e1s: Nab\u00edz\u00edme v\u00e1m:<\/p>\n","protected":false},"author":1,"featured_media":0,"parent":0,"menu_order":200,"comment_status":"closed","ping_status":"closed","template":"","meta":{"footnotes":""},"class_list":["post-999","page","type-page","status-publish","hentry"],"_links":{"self":[{"href":"https:\/\/aqua-spp.cz\/en\/wp-json\/wp\/v2\/pages\/999","targetHints":{"allow":["GET"]}}],"collection":[{"href":"https:\/\/aqua-spp.cz\/en\/wp-json\/wp\/v2\/pages"}],"about":[{"href":"https:\/\/aqua-spp.cz\/en\/wp-json\/wp\/v2\/types\/page"}],"author":[{"embeddable":true,"href":"https:\/\/aqua-spp.cz\/en\/wp-json\/wp\/v2\/users\/1"}],"replies":[{"embeddable":true,"href":"https:\/\/aqua-spp.cz\/en\/wp-json\/wp\/v2\/comments?post=999"}],"version-history":[{"count":2,"href":"https:\/\/aqua-spp.cz\/en\/wp-json\/wp\/v2\/pages\/999\/revisions"}],"predecessor-version":[{"id":1113,"href":"https:\/\/aqua-spp.cz\/en\/wp-json\/wp\/v2\/pages\/999\/revisions\/1113"}],"wp:attachment":[{"href":"https:\/\/aqua-spp.cz\/en\/wp-json\/wp\/v2\/media?parent=999"}],"curies":[{"name":"wp","href":"https:\/\/api.w.org\/{rel}","templated":true}]}}